{"id":841,"date":"2022-07-20T14:33:19","date_gmt":"2022-07-20T11:33:19","guid":{"rendered":"https:\/\/finearts.bilkent.edu.tr\/?page_id=841"},"modified":"2025-01-21T09:51:20","modified_gmt":"2025-01-21T06:51:20","slug":"contact_eng","status":"publish","type":"page","link":"https:\/\/finearts.bilkent.edu.tr\/index.php\/en\/contact_eng\/","title":{"rendered":"contact_eng"},"content":{"rendered":"<p>[et_pb_section fb_built=&#8221;1&#8243; _builder_version=&#8221;4.9.7&#8243; _module_preset=&#8221;default&#8221;][et_pb_row column_structure=&#8221;1_3,2_3&#8243; _builder_version=&#8221;3.25&#8243; background_size=&#8221;initial&#8221; background_position=&#8221;top_left&#8221; background_repeat=&#8221;repeat&#8221;][et_pb_column type=&#8221;1_3&#8243; _builder_version=&#8221;3.25&#8243; custom_padding=&#8221;|||&#8221; custom_padding__hover=&#8221;|||&#8221;][et_pb_text admin_label=&#8221;Ki\u015fi_bilgileri&#8221; _builder_version=&#8221;4.9.7&#8243; hover_enabled=&#8221;0&#8243; sticky_enabled=&#8221;0&#8243;]<\/p>\n<div class=\"wp-block-column is-layout-flow wp-block-column-is-layout-flow\">\n<p><strong>DEAN\u2019S OFFICE<\/strong><\/p>\n<p><strong>Dean, Ph. D. Yasemin Afacan<\/strong><br \/>Phone: (+90-312) 290 1486<br \/>(+90-312) 290 1429<br \/>E-mail: yasemine@bilkent.edu.tr<\/p>\n<p><strong>Vice Dean, Emel \u00d6zdora<\/strong><br \/>Phone: (+90-312) 290 1486<br \/>E-mail: emel.ozdora@bilkent.edu.tr<\/p>\n<p><strong>Faculty Secretary, Sevgi Erdengi<\/strong><br \/>Phone: (+90-312) 290 1486<br \/>E-mail: erdengi@bilkent.edu.tr<\/p>\n<p><strong>Dean\u2019s Secretary, Melek Er Koca<\/strong><br \/>Phone: (+90-312) 290 1486<br \/>E-mail: meleker@bilkent.edu.tr<\/p>\n<p><strong>Administrative Assistant, Aysun Abac\u0131 Pense<\/strong><br \/>Phone: (+90-312) 290 1486<br \/>E-mail: abaci@bilkent.edu.tr<\/p>\n<p><strong>Address:<\/strong>\u00a0Bilkent \u00dcniversitesi,<br \/>G\u00fczel Sanatlar, Tasar\u0131m ve Mimarl\u0131k Fak\u00fcltesi<br \/>Bilkent, 06800, Ankara T\u00fcrkiye<\/p>\n<p>Phone: (+90-312) 290 1486<br \/>Fax: (+90-312) 290 4136<br \/>E-mail: fada@bilkent.edu.tr<\/p>\n<\/div>\n<p>[\/et_pb_text][\/et_pb_column][et_pb_column type=&#8221;2_3&#8243; _builder_version=&#8221;3.25&#8243; custom_padding=&#8221;|||&#8221; custom_padding__hover=&#8221;|||&#8221;][et_pb_image src=&#8221;https:\/\/finearts.bilkent.edu.tr\/wp-content\/uploads\/2021\/06\/fada_map.png&#8221; title_text=&#8221;fada_map&#8221; align_tablet=&#8221;center&#8221; align_phone=&#8221;&#8221; align_last_edited=&#8221;on|desktop&#8221; admin_label=&#8221;Harita&#8221; _builder_version=&#8221;4.9.7&#8243;][\/et_pb_image][\/et_pb_column][\/et_pb_row][\/et_pb_section]<\/p>\n","protected":false},"excerpt":{"rendered":"<p>[et_pb_section fb_built=&#8221;1&#8243; _builder_version=&#8221;4.9.7&#8243; _module_preset=&#8221;default&#8221;][et_pb_row column_structure=&#8221;1_3,2_3&#8243; _builder_version=&#8221;3.25&#8243; background_size=&#8221;initial&#8221; background_position=&#8221;top_left&#8221; background_repeat=&#8221;repeat&#8221;][et_pb_column type=&#8221;1_3&#8243; _builder_version=&#8221;3.25&#8243; custom_padding=&#8221;|||&#8221; custom_padding__hover=&#8221;|||&#8221;][et_pb_text admin_label=&#8221;Ki\u015fi_bilgileri&#8221; _builder_version=&#8221;4.9.7&#8243; hover_enabled=&#8221;0&#8243; sticky_enabled=&#8221;0&#8243;] DEAN\u2019S OFFICE Dean, Ph. D. Yasemin AfacanPhone: (+90-312) 290 1486(+90-312) 290 1429E-mail: yasemine@bilkent.edu.tr Vice Dean, Emel \u00d6zdoraPhone: (+90-312) 290 1486E-mail: emel.ozdora@bilkent.edu.tr Faculty Secretary, Sevgi ErdengiPhone: (+90-312) 290 1486E-mail: erdengi@bilkent.edu.tr Dean\u2019s Secretary, Melek Er KocaPhone: (+90-312) 290 1486E-mail: meleker@bilkent.edu.tr [&hellip;]<\/p>\n","protected":false},"author":1,"featured_media":0,"parent":0,"menu_order":0,"comment_status":"closed","ping_status":"closed","template":"","meta":{"_et_pb_use_builder":"on","_et_pb_old_content":"","_et_gb_content_width":""},"_links":{"self":[{"href":"https:\/\/finearts.bilkent.edu.tr\/index.php\/wp-json\/wp\/v2\/pages\/841"}],"collection":[{"href":"https:\/\/finearts.bilkent.edu.tr\/index.php\/wp-json\/wp\/v2\/pages"}],"about":[{"href":"https:\/\/finearts.bilkent.edu.tr\/index.php\/wp-json\/wp\/v2\/types\/page"}],"author":[{"embeddable":true,"href":"https:\/\/finearts.bilkent.edu.tr\/index.php\/wp-json\/wp\/v2\/users\/1"}],"replies":[{"embeddable":true,"href":"https:\/\/finearts.bilkent.edu.tr\/index.php\/wp-json\/wp\/v2\/comments?post=841"}],"version-history":[{"count":7,"href":"https:\/\/finearts.bilkent.edu.tr\/index.php\/wp-json\/wp\/v2\/pages\/841\/revisions"}],"predecessor-version":[{"id":1497,"href":"https:\/\/finearts.bilkent.edu.tr\/index.php\/wp-json\/wp\/v2\/pages\/841\/revisions\/1497"}],"wp:attachment":[{"href":"https:\/\/finearts.bilkent.edu.tr\/index.php\/wp-json\/wp\/v2\/media?parent=841"}],"curies":[{"name":"wp","href":"https:\/\/api.w.org\/{rel}","templated":true}]}}